{"id":178,"date":"2025-06-06T13:31:29","date_gmt":"2025-06-06T13:31:29","guid":{"rendered":"https:\/\/aurality.com\/?page_id=178"},"modified":"2026-02-26T09:13:59","modified_gmt":"2026-02-26T14:13:59","slug":"contact-us","status":"publish","type":"page","link":"https:\/\/www.aurality.com\/fr\/contact-us\/","title":{"rendered":"Nous contacter"},"content":{"rendered":"\n<section id=\"block_9e1c6517323a4bd98cd1fbc794380b6e\" class=\"contact-us\">\n    <div class=\"contact-us__wrapper\">\n        <div class=\"container\">\n\n            <div class=\"contact-us__group\">\n                <div class=\"contact-us__text\">\n                    <h1 class=\"contact-us__title\">Need Additional Assistance?<\/h1>\n                    <p class=\"contact-us__info\">We are here to help. Please fill out the form and leave a brief description of your inquiry, and our team will reach out to you within 24 business hours.<\/p>\n                <\/div>\n                <div class=\"contact-us__form\">\n                    <div class=\"contact-us-wrapper\">\n                        <h5 class=\"contact-us-title\">Contact Us<\/h5>\n                        \n<div class=\"wpcf7 no-js\" id=\"wpcf7-f180-o1\" lang=\"en-US\" dir=\"ltr\" data-wpcf7-id=\"180\">\n<div class=\"screen-reader-response\"><p role=\"status\" aria-live=\"polite\" aria-atomic=\"true\"><\/p> <ul><\/ul><\/div>\n<form action=\"\/fr\/wp-json\/wp\/v2\/pages\/178#wpcf7-f180-o1\" method=\"post\" class=\"wpcf7-form init contact-us-form contact-form-cf7\" aria-label=\"Contact form\" novalidate=\"novalidate\" data-status=\"init\">\n<fieldset class=\"hidden-fields-container\"><input type=\"hidden\" name=\"_wpcf7\" value=\"180\" \/><input type=\"hidden\" name=\"_wpcf7_version\" value=\"6.1.5\" \/><input type=\"hidden\" name=\"_wpcf7_locale\" value=\"en_US\" \/><input type=\"hidden\" name=\"_wpcf7_unit_tag\" value=\"wpcf7-f180-o1\" \/><input type=\"hidden\" name=\"_wpcf7_container_post\" value=\"0\" \/><input type=\"hidden\" name=\"_wpcf7_posted_data_hash\" value=\"\" \/><input type=\"hidden\" name=\"_wpcf7cf_hidden_group_fields\" value=\"[]\" \/><input type=\"hidden\" name=\"_wpcf7cf_hidden_groups\" value=\"[]\" \/><input type=\"hidden\" name=\"_wpcf7cf_visible_groups\" value=\"[]\" \/><input type=\"hidden\" name=\"_wpcf7cf_repeaters\" value=\"[]\" \/><input type=\"hidden\" name=\"_wpcf7cf_steps\" value=\"{}\" \/><input type=\"hidden\" name=\"_wpcf7cf_options\" value=\"{&quot;form_id&quot;:180,&quot;conditions&quot;:[],&quot;settings&quot;:{&quot;animation&quot;:&quot;yes&quot;,&quot;animation_intime&quot;:200,&quot;animation_outtime&quot;:200,&quot;conditions_ui&quot;:&quot;normal&quot;,&quot;notice_dismissed&quot;:false}}\" \/><input type=\"hidden\" name=\"_wpcf7_recaptcha_response\" value=\"\" \/>\n<\/fieldset>\n<div class=\"contact-form-col2\"><span class=\"wpcf7-form-control-wrap\" data-name=\"your-name\"><input size=\"40\" maxlength=\"400\" class=\"wpcf7-form-control wpcf7-text wpcf7-validates-as-required\" aria-required=\"true\" aria-invalid=\"false\" placeholder=\"First Name *\" value=\"\" type=\"text\" name=\"your-name\" \/><\/span><span class=\"wpcf7-form-control-wrap\" data-name=\"your-lastname\"><input size=\"40\" maxlength=\"400\" class=\"wpcf7-form-control wpcf7-text wpcf7-validates-as-required\" aria-required=\"true\" aria-invalid=\"false\" placeholder=\"Last Name *\" value=\"\" type=\"text\" name=\"your-lastname\" \/><\/span><\/div>\n<div class=\"contact-form-col2\"><span class=\"wpcf7-form-control-wrap\" data-name=\"your-email\"><input size=\"40\" maxlength=\"400\" class=\"wpcf7-form-control wpcf7-email wpcf7-validates-as-required wpcf7-text wpcf7-validates-as-email\" autocomplete=\"email\" aria-required=\"true\" aria-invalid=\"false\" placeholder=\"Email *\" value=\"\" type=\"email\" name=\"your-email\" \/><\/span><span class=\"wpcf7-form-control-wrap\" data-name=\"your-phone\"><input size=\"40\" maxlength=\"400\" class=\"wpcf7-form-control wpcf7-tel wpcf7-validates-as-required wpcf7-text wpcf7-validates-as-tel\" autocomplete=\"phone\" aria-required=\"true\" aria-invalid=\"false\" placeholder=\"Phone *\" value=\"\" type=\"tel\" name=\"your-phone\" \/><\/span><\/div>\n<div class=\"contact-form-col2\"><span class=\"wpcf7-form-control-wrap\" data-name=\"your-company\"><input size=\"40\" maxlength=\"400\" class=\"wpcf7-form-control wpcf7-text wpcf7-validates-as-required\" aria-required=\"true\" aria-invalid=\"false\" placeholder=\"Company *\" value=\"\" type=\"text\" name=\"your-company\" \/><\/span><span class=\"wpcf7-form-control-wrap\" data-name=\"your-state\"><select class=\"wpcf7-form-control wpcf7-select wpcf7-validates-as-required\" aria-required=\"true\" aria-invalid=\"false\" name=\"your-state\"><option value=\"State\/Region\">State\/Region<\/option><option value=\"Alabama\">Alabama<\/option><option value=\"Alaska\">Alaska<\/option><option value=\"Arizona\">Arizona<\/option><option value=\"Arkansas\">Arkansas<\/option><option value=\"California\">California<\/option><option value=\"Colorado\">Colorado<\/option><option value=\"Connecticut\">Connecticut<\/option><option value=\"Delaware\">Delaware<\/option><option value=\"Florida\">Florida<\/option><option value=\"Georgia\">Georgia<\/option><option value=\"Hawaii\">Hawaii<\/option><option value=\"Idaho\">Idaho<\/option><option value=\"Illinois\">Illinois<\/option><option value=\"Indiana\">Indiana<\/option><option value=\"Iowa\">Iowa<\/option><option value=\"Kansas\">Kansas<\/option><option value=\"Kentucky\">Kentucky<\/option><option value=\"Louisiana\">Louisiana<\/option><option value=\"Maine\">Maine<\/option><option value=\"Maryland\">Maryland<\/option><option value=\"Massachusetts\">Massachusetts<\/option><option value=\"Michigan\">Michigan<\/option><option value=\"Minnesota\">Minnesota<\/option><option value=\"Mississippi\">Mississippi<\/option><option value=\"Missouri\">Missouri<\/option><option value=\"Montana\">Montana<\/option><option value=\"Nebraska\">Nebraska<\/option><option value=\"Nevada\">Nevada<\/option><option value=\"New Hampshire\">New Hampshire<\/option><option value=\"New Jersey\">New Jersey<\/option><option value=\"New Mexico\">New Mexico<\/option><option value=\"New York\">New York<\/option><option value=\"North Carolina\">North Carolina<\/option><option value=\"North Dakota\">North Dakota<\/option><option value=\"Ohio\">Ohio<\/option><option value=\"Oklahoma\">Oklahoma<\/option><option value=\"Oregon\">Oregon<\/option><option value=\"Pennsylvania\">Pennsylvania<\/option><option value=\"Rhode Island\">Rhode Island<\/option><option value=\"South Carolina\">South Carolina<\/option><option value=\"South Dakota\">South Dakota<\/option><option value=\"Tennessee\">Tennessee<\/option><option value=\"Texas\">Texas<\/option><option value=\"Utah\">Utah<\/option><option value=\"Vermont\">Vermont<\/option><option value=\"Virginia\">Virginia<\/option><option value=\"Washington\">Washington<\/option><option value=\"West Virginia\">West Virginia<\/option><option value=\"Wisconsin\">Wisconsin<\/option><option value=\"Wyoming\">Wyoming<\/option><\/select><\/span><\/div>\n<div class=\"contact-form-col1\"><span class=\"wpcf7-form-control-wrap\" data-name=\"your-subject\"><select class=\"wpcf7-form-control wpcf7-select wpcf7-validates-as-required\" aria-required=\"true\" aria-invalid=\"false\" name=\"your-subject\"><option value=\"--Please select--\">&#8211;Please select&#8211;<\/option><option value=\"Media \/ Marketing\">Media \/ Marketing<\/option><option value=\"Customer Service\">Customer Service<\/option><option value=\"Sales\">Sales<\/option><option value=\"Accounting\">Accounting<\/option><option value=\"Careers \/ HR\">Careers \/ HR<\/option><option value=\"Procurement\">Procurement<\/option><option value=\"Other\">Other<\/option><\/select><\/span><\/div>\n<div class=\"contact-form-col1\"><span class=\"wpcf7-form-control-wrap\" data-name=\"your-message\"><textarea cols=\"40\" rows=\"10\" maxlength=\"2000\" class=\"wpcf7-form-control wpcf7-textarea\" aria-invalid=\"false\" placeholder=\"Message\" name=\"your-message\"><\/textarea><\/span><\/div><div class=\"contact-form-col1 custom-cf7-checkbox\"><label id=\"cf7-check-cudtomi-example\"><span class=\"wpcf7-form-control-wrap\" data-name=\"send-me-quote\"><span class=\"wpcf7-form-control wpcf7-checkbox\"><span class=\"wpcf7-list-item first last\"><input type=\"checkbox\" name=\"send-me-quote[]\" value=\"Send me a quote\" \/><span class=\"wpcf7-list-item-label\">Send me a quote<\/span><\/span><\/span><\/span><\/label><script>\n                (()=>{\n                    const checkLabel = document.querySelector('#cf7-check-cudtomi-example');\n                    const input = checkLabel?.querySelector(['input[type=\"checkbox\"]']);\n                    if ( input ) {\n                        const checkBox = document.createElement('span');\n                        checkBox.classList.add('checkbox-group_checkmark');\n                        checkBox.innerHTML = `<svg xmlns=\"http:\/\/www.w3.org\/2000\/svg\" height=\"1em\" viewBox=\"0 0 448 512\"> <path d=\"M438.6 105.4c12.5 12.5 12.5 32.8 0 45.3l-256 256c-12.5 12.5-32.8 12.5-45.3 0l-128-128c-12.5-12.5-12.5-32.8 0-45.3s32.8-12.5 45.3 0L160 338.7 393.4 105.4c12.5-12.5 32.8-12.5 45.3 0z\"> <\/path> <\/svg>`;\n                        input.insertAdjacentElement('afterend',checkBox);\n                    }\n                })();\n            <\/script><\/div>\n<button class=\"wpcf7-form-control wpcf7-submit\" type=\"submit\" ><span>Submit<\/span><\/button>\n<p class=\"contact-form-info\">By submitting this form, you agree to our <a href=\"\/privacy-policy\/\">terms of service<\/a>.<\/p><div class=\"wpcf7-response-output\" aria-hidden=\"true\"><\/div>\n<\/form>\n<\/div>\n                    <\/div>\n                <\/div>\n\n            <\/div>\n\n        <\/div>\n    <\/div>\n\n<\/section>\n\n\n<section id=\"block_a7f5b71e10e57c67ba643b32027b7431\" class=\"faq-block smaller-top-padd\">\n    <div class=\"container\">\n\n        <div class=\"faq-block-title__group\">\n            <p class=\"faq-block-pre-title\">FAQ\u2019s<\/p>\n            <h3 class=\"faq-block-title\">Common Questions<\/h3>\n        <\/div>\n\n        \n                <ul class=\"faq-list\">\n                \n                    \n                        <li class=\"faq-item\">\n                            <header class=\"faq-item-header\">\n                                <h6 class=\"faq-item-header__title\">How can I schedule a demo of The Empress3D scanner?<\/h6>\n                                <span class=\"faq-item-header__indicator indicator-closed\"><svg xmlns=\"http:\/\/www.w3.org\/2000\/svg\" viewBox=\"0 0 448 512\"><!--!Font Awesome Free 6.7.2 by @fontawesome - https:\/\/fontawesome.com License - https:\/\/fontawesome.com\/license\/free Copyright 2025 Fonticons, Inc.--><path d=\"M256 80c0-17.7-14.3-32-32-32s-32 14.3-32 32l0 144L48 224c-17.7 0-32 14.3-32 32s14.3 32 32 32l144 0 0 144c0 17.7 14.3 32 32 32s32-14.3 32-32l0-144 144 0c17.7 0 32-14.3 32-32s-14.3-32-32-32l-144 0 0-144z\"\/><\/svg><\/span>\n                                <span class=\"faq-item-header__indicator indicator-opened\"><svg xmlns=\"http:\/\/www.w3.org\/2000\/svg\" viewBox=\"0 0 448 512\"><!--!Font Awesome Free 6.7.2 by @fontawesome - https:\/\/fontawesome.com License - https:\/\/fontawesome.com\/license\/free Copyright 2025 Fonticons, Inc.--><path d=\"M432 256c0 17.7-14.3 32-32 32L48 288c-17.7 0-32-14.3-32-32s14.3-32 32-32l352 0c17.7 0 32 14.3 32 32z\"\/><\/svg><\/span>\n                                <a href=\"#\" class=\"faq-item-header__launcher\"><\/a>\n                            <\/header>\n                            <article class=\"faq-item-article editable-content\">\n                                <p>You can request a demo through Aurality\u2019s <a href=\"https:\/\/www.aurality.com\/schedule-a-demo\/\">demo scheduling page<\/a>, and a team member will follow up to confirm timing and any prep needed for your clinic or workflow.<\/p>                            <\/article>\n                        <\/li>\n\n                    \n                        <li class=\"faq-item\">\n                            <header class=\"faq-item-header\">\n                                <h6 class=\"faq-item-header__title\">Who should I contact for sales and pricing inquiries?<\/h6>\n                                <span class=\"faq-item-header__indicator indicator-closed\"><svg xmlns=\"http:\/\/www.w3.org\/2000\/svg\" viewBox=\"0 0 448 512\"><!--!Font Awesome Free 6.7.2 by @fontawesome - https:\/\/fontawesome.com License - https:\/\/fontawesome.com\/license\/free Copyright 2025 Fonticons, Inc.--><path d=\"M256 80c0-17.7-14.3-32-32-32s-32 14.3-32 32l0 144L48 224c-17.7 0-32 14.3-32 32s14.3 32 32 32l144 0 0 144c0 17.7 14.3 32 32 32s32-14.3 32-32l0-144 144 0c17.7 0 32-14.3 32-32s-14.3-32-32-32l-144 0 0-144z\"\/><\/svg><\/span>\n                                <span class=\"faq-item-header__indicator indicator-opened\"><svg xmlns=\"http:\/\/www.w3.org\/2000\/svg\" viewBox=\"0 0 448 512\"><!--!Font Awesome Free 6.7.2 by @fontawesome - https:\/\/fontawesome.com License - https:\/\/fontawesome.com\/license\/free Copyright 2025 Fonticons, Inc.--><path d=\"M432 256c0 17.7-14.3 32-32 32L48 288c-17.7 0-32-14.3-32-32s14.3-32 32-32l352 0c17.7 0 32 14.3 32 32z\"\/><\/svg><\/span>\n                                <a href=\"#\" class=\"faq-item-header__launcher\"><\/a>\n                            <\/header>\n                            <article class=\"faq-item-article editable-content\">\n                                <p>For sales and pricing questions, contact Aurality via <a href=\"mailto:sales@aurality.com\">sales@aurality.com<\/a> or call +1 (833) 287-2548.<\/p>                            <\/article>\n                        <\/li>\n\n                    \n                        <li class=\"faq-item\">\n                            <header class=\"faq-item-header\">\n                                <h6 class=\"faq-item-header__title\">Where can I get technical support or assistance with my Empress3D device?<\/h6>\n                                <span class=\"faq-item-header__indicator indicator-closed\"><svg xmlns=\"http:\/\/www.w3.org\/2000\/svg\" viewBox=\"0 0 448 512\"><!--!Font Awesome Free 6.7.2 by @fontawesome - https:\/\/fontawesome.com License - https:\/\/fontawesome.com\/license\/free Copyright 2025 Fonticons, Inc.--><path d=\"M256 80c0-17.7-14.3-32-32-32s-32 14.3-32 32l0 144L48 224c-17.7 0-32 14.3-32 32s14.3 32 32 32l144 0 0 144c0 17.7 14.3 32 32 32s32-14.3 32-32l0-144 144 0c17.7 0 32-14.3 32-32s-14.3-32-32-32l-144 0 0-144z\"\/><\/svg><\/span>\n                                <span class=\"faq-item-header__indicator indicator-opened\"><svg xmlns=\"http:\/\/www.w3.org\/2000\/svg\" viewBox=\"0 0 448 512\"><!--!Font Awesome Free 6.7.2 by @fontawesome - https:\/\/fontawesome.com License - https:\/\/fontawesome.com\/license\/free Copyright 2025 Fonticons, Inc.--><path d=\"M432 256c0 17.7-14.3 32-32 32L48 288c-17.7 0-32-14.3-32-32s14.3-32 32-32l352 0c17.7 0 32 14.3 32 32z\"\/><\/svg><\/span>\n                                <a href=\"#\" class=\"faq-item-header__launcher\"><\/a>\n                            <\/header>\n                            <article class=\"faq-item-article editable-content\">\n                                <p>For technical help (setup, troubleshooting, software questions), <a href=\"https:\/\/www.aurality.com\/contact-us\/\">contact us here<\/a>.<\/p>                            <\/article>\n                        <\/li>\n\n                    \n                        <li class=\"faq-item\">\n                            <header class=\"faq-item-header\">\n                                <h6 class=\"faq-item-header__title\">Where is Aurality headquartered?<\/h6>\n                                <span class=\"faq-item-header__indicator indicator-closed\"><svg xmlns=\"http:\/\/www.w3.org\/2000\/svg\" viewBox=\"0 0 448 512\"><!--!Font Awesome Free 6.7.2 by @fontawesome - https:\/\/fontawesome.com License - https:\/\/fontawesome.com\/license\/free Copyright 2025 Fonticons, Inc.--><path d=\"M256 80c0-17.7-14.3-32-32-32s-32 14.3-32 32l0 144L48 224c-17.7 0-32 14.3-32 32s14.3 32 32 32l144 0 0 144c0 17.7 14.3 32 32 32s32-14.3 32-32l0-144 144 0c17.7 0 32-14.3 32-32s-14.3-32-32-32l-144 0 0-144z\"\/><\/svg><\/span>\n                                <span class=\"faq-item-header__indicator indicator-opened\"><svg xmlns=\"http:\/\/www.w3.org\/2000\/svg\" viewBox=\"0 0 448 512\"><!--!Font Awesome Free 6.7.2 by @fontawesome - https:\/\/fontawesome.com License - https:\/\/fontawesome.com\/license\/free Copyright 2025 Fonticons, Inc.--><path d=\"M432 256c0 17.7-14.3 32-32 32L48 288c-17.7 0-32-14.3-32-32s14.3-32 32-32l352 0c17.7 0 32 14.3 32 32z\"\/><\/svg><\/span>\n                                <a href=\"#\" class=\"faq-item-header__launcher\"><\/a>\n                            <\/header>\n                            <article class=\"faq-item-article editable-content\">\n                                <p>Aurality is based in Herndon, Virginia, and is commonly listed at 580 Herndon Parkway, Suite 350, Herndon, VA 20170<\/p>                            <\/article>\n                        <\/li>\n\n                    \n                <\/ul>\n\n            \n    <\/div>\n    <script>\n        (() => {\n            \/\/ temp fix because of CookieBot\n            const auralityFAQsection = ( cssSelector ) => {\n                const faqBlock = document.querySelector( cssSelector );\n                const faqLaunchers = faqBlock?.querySelectorAll('.faq-item-header__launcher');\n                const faqQuestions = faqBlock?.querySelectorAll('.faq-item');\n\n                if ( faqBlock && faqLaunchers.length && faqQuestions.length ) {\n                    faqLaunchers.forEach((link)=>{\n                        link.addEventListener('click',( e ) => {\n                            e.preventDefault();\n\n                            if (  link.parentElement.parentElement.classList.contains('active-faq') ) {\n                                faqQuestions.forEach( itm => itm.classList.remove('active-faq') )\n                                return;\n                            }\n\n                            faqQuestions.forEach( itm => itm.classList.remove('active-faq') )\n                            link.parentElement.parentElement.classList.add('active-faq')\n                        })\n                    })\n                }\n            }\n            auralityFAQsection( '#block_a7f5b71e10e57c67ba643b32027b7431 .faq-list' )\n        })();\n    <\/script>\n<\/section>\n","protected":false},"excerpt":{"rendered":"","protected":false},"author":1,"featured_media":0,"parent":0,"menu_order":0,"comment_status":"closed","ping_status":"closed","template":"","meta":{"_acf_changed":true,"inline_featured_image":false,"footnotes":""},"class_list":["post-178","page","type-page","status-publish","hentry"],"acf":[],"yoast_head":"<!-- This site is optimized with the Yoast SEO plugin v27.4 - https:\/\/yoast.com\/product\/yoast-seo-wordpress\/ -->\n<title>Contact Us - Aurality<\/title>\n<meta name=\"robots\" content=\"index, follow, max-snippet:-1, max-image-preview:large, max-video-preview:-1\" \/>\n<link rel=\"canonical\" href=\"https:\/\/www.aurality.com\/fr\/contact-us\/\" \/>\n<meta property=\"og:locale\" content=\"fr_FR\" \/>\n<meta property=\"og:type\" content=\"article\" \/>\n<meta property=\"og:title\" content=\"Contact Us - Aurality\" \/>\n<meta property=\"og:url\" content=\"https:\/\/www.aurality.com\/fr\/contact-us\/\" \/>\n<meta property=\"og:site_name\" content=\"Aurality\" \/>\n<meta property=\"article:publisher\" content=\"https:\/\/www.facebook.com\/aurality.inc\" \/>\n<meta property=\"article:modified_time\" content=\"2026-02-26T14:13:59+00:00\" \/>\n<meta property=\"og:image\" content=\"https:\/\/www.aurality.com\/wp-content\/uploads\/2025\/06\/Step-3.webp\" \/>\n\t<meta property=\"og:image:width\" content=\"354\" \/>\n\t<meta property=\"og:image:height\" content=\"230\" \/>\n\t<meta property=\"og:image:type\" content=\"image\/webp\" \/>\n<meta name=\"twitter:card\" content=\"summary_large_image\" \/>\n<script type=\"application\/ld+json\" class=\"yoast-schema-graph\">{\"@context\":\"https:\\\/\\\/schema.org\",\"@graph\":[{\"@type\":\"WebPage\",\"@id\":\"https:\\\/\\\/www.aurality.com\\\/contact-us\\\/\",\"url\":\"https:\\\/\\\/www.aurality.com\\\/contact-us\\\/\",\"name\":\"Contact Us - Aurality\",\"isPartOf\":{\"@id\":\"https:\\\/\\\/www.aurality.com\\\/#website\"},\"datePublished\":\"2025-06-06T13:31:29+00:00\",\"dateModified\":\"2026-02-26T14:13:59+00:00\",\"breadcrumb\":{\"@id\":\"https:\\\/\\\/www.aurality.com\\\/contact-us\\\/#breadcrumb\"},\"inLanguage\":\"fr-FR\",\"potentialAction\":[{\"@type\":\"ReadAction\",\"target\":[\"https:\\\/\\\/www.aurality.com\\\/contact-us\\\/\"]}]},{\"@type\":\"BreadcrumbList\",\"@id\":\"https:\\\/\\\/www.aurality.com\\\/contact-us\\\/#breadcrumb\",\"itemListElement\":[{\"@type\":\"ListItem\",\"position\":1,\"name\":\"Home\",\"item\":\"https:\\\/\\\/www.aurality.com\\\/\"},{\"@type\":\"ListItem\",\"position\":2,\"name\":\"Contact Us\"}]},{\"@type\":\"WebSite\",\"@id\":\"https:\\\/\\\/www.aurality.com\\\/#website\",\"url\":\"https:\\\/\\\/www.aurality.com\\\/\",\"name\":\"Aurality\",\"description\":\"Streamline your workflow with Aurality\u2019s 3D ear scanner, engineered to capture precise ear impressions in seconds.\",\"publisher\":{\"@id\":\"https:\\\/\\\/www.aurality.com\\\/#organization\"},\"potentialAction\":[{\"@type\":\"SearchAction\",\"target\":{\"@type\":\"EntryPoint\",\"urlTemplate\":\"https:\\\/\\\/www.aurality.com\\\/?s={search_term_string}\"},\"query-input\":{\"@type\":\"PropertyValueSpecification\",\"valueRequired\":true,\"valueName\":\"search_term_string\"}}],\"inLanguage\":\"fr-FR\"},{\"@type\":\"Organization\",\"@id\":\"https:\\\/\\\/www.aurality.com\\\/#organization\",\"name\":\"Aurality\",\"url\":\"https:\\\/\\\/www.aurality.com\\\/\",\"logo\":{\"@type\":\"ImageObject\",\"inLanguage\":\"fr-FR\",\"@id\":\"https:\\\/\\\/www.aurality.com\\\/#\\\/schema\\\/logo\\\/image\\\/\",\"url\":\"https:\\\/\\\/www.aurality.com\\\/wp-content\\\/uploads\\\/2025\\\/05\\\/Aurality_Blue_LogoSVG-1.svg\",\"contentUrl\":\"https:\\\/\\\/www.aurality.com\\\/wp-content\\\/uploads\\\/2025\\\/05\\\/Aurality_Blue_LogoSVG-1.svg\",\"width\":202,\"height\":53,\"caption\":\"Aurality\"},\"image\":{\"@id\":\"https:\\\/\\\/www.aurality.com\\\/#\\\/schema\\\/logo\\\/image\\\/\"},\"sameAs\":[\"https:\\\/\\\/www.facebook.com\\\/aurality.inc\",\"https:\\\/\\\/www.instagram.com\\\/aurality_inc\\\/\",\"https:\\\/\\\/www.linkedin.com\\\/company\\\/auralityinc\\\/\"]}]}<\/script>\n<!-- \/ Yoast SEO plugin. -->","yoast_head_json":{"title":"Nous contacter - Aurality","robots":{"index":"index","follow":"follow","max-snippet":"max-snippet:-1","max-image-preview":"max-image-preview:large","max-video-preview":"max-video-preview:-1"},"canonical":"https:\/\/www.aurality.com\/fr\/contact-us\/","og_locale":"fr_FR","og_type":"article","og_title":"Contact Us - Aurality","og_url":"https:\/\/www.aurality.com\/fr\/contact-us\/","og_site_name":"Aurality","article_publisher":"https:\/\/www.facebook.com\/aurality.inc","article_modified_time":"2026-02-26T14:13:59+00:00","og_image":[{"width":354,"height":230,"url":"https:\/\/www.aurality.com\/wp-content\/uploads\/2025\/06\/Step-3.webp","type":"image\/webp"}],"twitter_card":"summary_large_image","schema":{"@context":"https:\/\/schema.org","@graph":[{"@type":"WebPage","@id":"https:\/\/www.aurality.com\/contact-us\/","url":"https:\/\/www.aurality.com\/contact-us\/","name":"Nous contacter - Aurality","isPartOf":{"@id":"https:\/\/www.aurality.com\/#website"},"datePublished":"2025-06-06T13:31:29+00:00","dateModified":"2026-02-26T14:13:59+00:00","breadcrumb":{"@id":"https:\/\/www.aurality.com\/contact-us\/#breadcrumb"},"inLanguage":"fr-FR","potentialAction":[{"@type":"ReadAction","target":["https:\/\/www.aurality.com\/contact-us\/"]}]},{"@type":"BreadcrumbList","@id":"https:\/\/www.aurality.com\/contact-us\/#breadcrumb","itemListElement":[{"@type":"ListItem","position":1,"name":"Home","item":"https:\/\/www.aurality.com\/"},{"@type":"ListItem","position":2,"name":"Contact Us"}]},{"@type":"WebSite","@id":"https:\/\/www.aurality.com\/#website","url":"https:\/\/www.aurality.com\/","name":"Auralit\u00e9","description":"Rationalisez votre flux de travail avec le scanner auriculaire 3D d'Aurality, con\u00e7u pour prendre des empreintes auriculaires pr\u00e9cises en quelques secondes.","publisher":{"@id":"https:\/\/www.aurality.com\/#organization"},"potentialAction":[{"@type":"SearchAction","target":{"@type":"EntryPoint","urlTemplate":"https:\/\/www.aurality.com\/?s={search_term_string}"},"query-input":{"@type":"PropertyValueSpecification","valueRequired":true,"valueName":"search_term_string"}}],"inLanguage":"fr-FR"},{"@type":"Organization","@id":"https:\/\/www.aurality.com\/#organization","name":"Auralit\u00e9","url":"https:\/\/www.aurality.com\/","logo":{"@type":"ImageObject","inLanguage":"fr-FR","@id":"https:\/\/www.aurality.com\/#\/schema\/logo\/image\/","url":"https:\/\/www.aurality.com\/wp-content\/uploads\/2025\/05\/Aurality_Blue_LogoSVG-1.svg","contentUrl":"https:\/\/www.aurality.com\/wp-content\/uploads\/2025\/05\/Aurality_Blue_LogoSVG-1.svg","width":202,"height":53,"caption":"Aurality"},"image":{"@id":"https:\/\/www.aurality.com\/#\/schema\/logo\/image\/"},"sameAs":["https:\/\/www.facebook.com\/aurality.inc","https:\/\/www.instagram.com\/aurality_inc\/","https:\/\/www.linkedin.com\/company\/auralityinc\/"]}]}},"_links":{"self":[{"href":"https:\/\/www.aurality.com\/fr\/wp-json\/wp\/v2\/pages\/178","targetHints":{"allow":["GET"]}}],"collection":[{"href":"https:\/\/www.aurality.com\/fr\/wp-json\/wp\/v2\/pages"}],"about":[{"href":"https:\/\/www.aurality.com\/fr\/wp-json\/wp\/v2\/types\/page"}],"author":[{"embeddable":true,"href":"https:\/\/www.aurality.com\/fr\/wp-json\/wp\/v2\/users\/1"}],"replies":[{"embeddable":true,"href":"https:\/\/www.aurality.com\/fr\/wp-json\/wp\/v2\/comments?post=178"}],"version-history":[{"count":0,"href":"https:\/\/www.aurality.com\/fr\/wp-json\/wp\/v2\/pages\/178\/revisions"}],"wp:attachment":[{"href":"https:\/\/www.aurality.com\/fr\/wp-json\/wp\/v2\/media?parent=178"}],"curies":[{"name":"wp","href":"https:\/\/api.w.org\/{rel}","templated":true}]}}